{"id":35,"date":"2016-01-08T18:35:25","date_gmt":"2016-01-08T17:35:25","guid":{"rendered":"http:\/\/www.ff-totzenbach.at\/_index\/?page_id=35"},"modified":"2022-10-11T22:10:44","modified_gmt":"2022-10-11T20:10:44","slug":"feuerwehrjugend","status":"publish","type":"page","link":"http:\/\/www.ff-totzenbach.at\/_index\/feuerwehrjugend\/","title":{"rendered":"Feuerwehrjugend"},"content":{"rendered":"<p>Bei Interesse k\u00f6nnen Sie sich jeder Zeit bei unserer Kinderbetreuerin &amp; Jugendbetreuer melden:<\/p>\n<p><strong>Kerstin Hackl Tel. 0660\/413 38 80<\/strong><br><strong>Leonhard Furtner Tel. 0664\/973 57 02<\/strong><\/p>\n<p>&nbsp;<\/p>\n<p>&#8222;Alle f\u00fcr einen, einer f\u00fcr alle&#8220; &#8211; Ein starkes St\u00fcck Freizeit<\/p>\n<p id=\"u5385-15\">DU\u2026<br>\u2026 bist zwischen 10 und 15 Jahre alt?<br>\u2026 m\u00f6chtest etwas Sinnvolles in deiner Freizeit tun?<br>\u2026 hast Lust auf Spiel, Spa\u00df &amp; Action?<\/p>\n<p>Dann bist du bei der Feuerwehrjugend genau richtig! Werde Mitglied in <br>der Feuerwehrjugend und zeige, was in dir steckt. Spannung, Action, Freundschaft, <br>ein tolles Team und jede Menge Spa\u00df machen dich zum Helfer von morgen!<\/p>\n<div id=\"u5443-24\" class=\"clearfix colelem\"><strong>\u00dcbrigens<\/strong>: Die Mitgliedschaft in der Feuerwehrjugend ist vollkommen kostenlos! <br>Auch die ben\u00f6tigte Kleidung (Uniform) wird f\u00fcr die Jugendlichen von uns bereitgestellt. Au\u00dferdem besteht ein automatischer Versicherungsschutz durch die Feuerwehr.&nbsp;<\/div>\n<div class=\"clearfix colelem\">Haben wir dein Interesse geweckt? Dann komm doch einfach vorbei! <br>Unsere Jugendstunde findet jeden Freitag um 18:30 Uhr im FF Haus statt, oder melde dich bei unserem Jugendbetreuer!<\/div>\n<div class=\"clearfix colelem\"><span style=\"color: #ffffff;\">.<br><\/span><\/div>\n<div class=\"clearfix colelem\">Unter <a href=\"http:\/\/www.ff-totzenbach.at\/_index\/jugend-kinder-ff\/\">Kinder&amp;Jugend-FF<\/a>&nbsp;finden Sie unserer Kontaktdaten. F\u00fcr genauere Details k\u00f6nnen Sie auch auf die Seite des \u00d6sterreichischer Bundesfeuerwehrverband vorbei sehen &#8211; <a href=\"http:\/\/seidabei.bundesfeuerwehrverband.at\/\" target=\"_blank\" rel=\"noopener noreferrer\">FJ \u00d6BFV<\/a>.<\/div>\n<div class=\"clearfix colelem\"><span style=\"color: #ffffff;\">.<\/span><\/div>\n<div class=\"clearfix colelem\">&nbsp;<\/div>\n<div class=\"clearfix colelem\">\n<div id='gallery-1' class='gallery galleryid-35 gallery-columns-3 gallery-size-thumbnail'><figure class='gallery-item'>\n\t\t\t<div class='gallery-icon portrait'>\n\t\t\t\t<a href='http:\/\/www.ff-totzenbach.at\/_index\/feuerwehrjugend\/ff-jugend\/'><img loading=\"lazy\" decoding=\"async\" width=\"150\" height=\"150\" src=\"http:\/\/www.ff-totzenbach.at\/_index\/wp-content\/uploads\/2022\/04\/FF-Jugend-150x150.png\" class=\"attachment-thumbnail size-thumbnail\" alt=\"\" srcset=\"http:\/\/www.ff-totzenbach.at\/_index\/wp-content\/uploads\/2022\/04\/FF-Jugend-150x150.png 150w, http:\/\/www.ff-totzenbach.at\/_index\/wp-content\/uploads\/2022\/04\/FF-Jugend-70x70.png 70w\" sizes=\"auto, (max-width: 150px) 100vw, 150px\" \/><\/a>\n\t\t\t<\/div><\/figure>\n\t\t<\/div>\n\n<\/div>\n\n\n<p><\/p>\n","protected":false},"excerpt":{"rendered":"<p>Bei Interesse k\u00f6nnen Sie sich jeder Zeit bei unserer Kinderbetreuerin &amp; Jugendbetreuer melden: Kerstin Hackl Tel. 0660\/413 38 80Leonhard Furtner Tel. 0664\/973 57 02 &nbsp; &#8222;Alle f\u00fcr einen, einer f\u00fcr alle&#8220; &#8211; Ein starkes St\u00fcck Freizeit DU\u2026\u2026 bist zwischen 10 und 15 Jahre alt?\u2026 m\u00f6chtest etwas Sinnvolles in deiner Freizeit tun?\u2026 hast Lust auf Spiel, [&hellip;]<\/p>\n","protected":false},"author":1,"featured_media":119,"parent":0,"menu_order":0,"comment_status":"closed","ping_status":"closed","template":"","meta":{"ngg_post_thumbnail":0,"footnotes":""},"class_list":["post-35","page","type-page","status-publish","has-post-thumbnail","hentry"],"_links":{"self":[{"href":"http:\/\/www.ff-totzenbach.at\/_index\/wp-json\/wp\/v2\/pages\/35","targetHints":{"allow":["GET"]}}],"collection":[{"href":"http:\/\/www.ff-totzenbach.at\/_index\/wp-json\/wp\/v2\/pages"}],"about":[{"href":"http:\/\/www.ff-totzenbach.at\/_index\/wp-json\/wp\/v2\/types\/page"}],"author":[{"embeddable":true,"href":"http:\/\/www.ff-totzenbach.at\/_index\/wp-json\/wp\/v2\/users\/1"}],"replies":[{"embeddable":true,"href":"http:\/\/www.ff-totzenbach.at\/_index\/wp-json\/wp\/v2\/comments?post=35"}],"version-history":[{"count":17,"href":"http:\/\/www.ff-totzenbach.at\/_index\/wp-json\/wp\/v2\/pages\/35\/revisions"}],"predecessor-version":[{"id":7611,"href":"http:\/\/www.ff-totzenbach.at\/_index\/wp-json\/wp\/v2\/pages\/35\/revisions\/7611"}],"wp:featuredmedia":[{"embeddable":true,"href":"http:\/\/www.ff-totzenbach.at\/_index\/wp-json\/wp\/v2\/media\/119"}],"wp:attachment":[{"href":"http:\/\/www.ff-totzenbach.at\/_index\/wp-json\/wp\/v2\/media?parent=35"}],"curies":[{"name":"wp","href":"https:\/\/api.w.org\/{rel}","templated":true}]}}