{"id":6700,"date":"2022-03-28T18:26:12","date_gmt":"2022-03-28T16:26:12","guid":{"rendered":"http:\/\/www.ff-totzenbach.at\/_index\/?page_id=6700"},"modified":"2022-04-24T21:09:26","modified_gmt":"2022-04-24T19:09:26","slug":"kinderfeuerwehr","status":"publish","type":"page","link":"http:\/\/www.ff-totzenbach.at\/_index\/kinderfeuerwehr\/","title":{"rendered":"Kinderfeuerwehr"},"content":{"rendered":"\n<div class=\"wp-block-media-text alignwide is-stacked-on-mobile\"><figure class=\"wp-block-media-text__media\"><img loading=\"lazy\" decoding=\"async\" width=\"225\" height=\"225\" src=\"http:\/\/www.ff-totzenbach.at\/_index\/wp-content\/uploads\/2022\/03\/Download-1.png\" alt=\"\" class=\"wp-image-6703 size-full\" srcset=\"http:\/\/www.ff-totzenbach.at\/_index\/wp-content\/uploads\/2022\/03\/Download-1.png 225w, http:\/\/www.ff-totzenbach.at\/_index\/wp-content\/uploads\/2022\/03\/Download-1-150x150.png 150w, http:\/\/www.ff-totzenbach.at\/_index\/wp-content\/uploads\/2022\/03\/Download-1-70x70.png 70w\" sizes=\"auto, (max-width: 225px) 100vw, 225px\" \/><\/figure><div class=\"wp-block-media-text__content\">\n<p>Gemeinsam mit der Feuerwehr Kirchstetten-Markt haben wir eine Kinderfeuerwehrgruppe gegr\u00fcndet.<\/p>\n\n\n\n<p>Mit viel Spiel und Spa\u00df wollen wir interessierten Kindern von 8 -10 Jahren unsere Feuerwehr n\u00e4her bringen. <\/p>\n\n\n\n<p>Neben der Wissensvermittlung, stehen vor allem das Gemeinschaftsgef\u00fchl, soziales Lernen und die Freude am Tun im Vordergrund.<\/p>\n\n\n\n<p>Ein wichtiger Aspekt bei der Kinderfeuerwehr ist die Vermittlung, wie wichtig gemeinn\u00fctziges Helfen in einer Gesellschaft ist. Dar\u00fcber hinaus wird auch das erfolgreiche Arbeiten im Team bzw. in der Kameradschaft trainiert.<\/p>\n<\/div><\/div>\n\n\n\n<p>Die Kinderfeuerwehr ist f\u00fcr feuerwehrinteressierte Kinder im Alter von 8 bis 10 Jahren gedacht und dient als M\u00f6glichkeit, vor dem Erreichen des 10. Lebensjahrs und der Aufnahme in der Feuerwehrjugend schon die Feuerwehr kennen zulernen.&nbsp;<br>In der Kinderfeuerwehr findet noch keinerlei feuerwehrtechnische Ausbildung statt.<\/p>\n\n\n\n<p>Freitags um 17 Uhr trifft sich die Kinderfeuerwehrgruppe immer. <\/p>\n\n\n\n<p>Bei Interesse k\u00f6nnen Sie sich jeder Zeit bei unserer Kinderbetreuerin melden:<\/p>\n\n\n\n<p><strong>Kerstin Hackl Tel. 0660\/413 38 80<\/strong><\/p>\n\n\n\n<div class=\"wp-block-columns is-layout-flex wp-container-core-columns-is-layout-28f84493 wp-block-columns-is-layout-flex\">\n<div class=\"wp-block-column is-layout-flow wp-block-column-is-layout-flow\" style=\"flex-basis:100%\">\n<figure class=\"wp-block-image size-full\"><img loading=\"lazy\" decoding=\"async\" width=\"768\" height=\"684\" src=\"http:\/\/www.ff-totzenbach.at\/_index\/wp-content\/uploads\/2022\/03\/ameise-bub-01-768x684-1.png\" alt=\"\" class=\"wp-image-6701\" srcset=\"http:\/\/www.ff-totzenbach.at\/_index\/wp-content\/uploads\/2022\/03\/ameise-bub-01-768x684-1.png 768w, http:\/\/www.ff-totzenbach.at\/_index\/wp-content\/uploads\/2022\/03\/ameise-bub-01-768x684-1-337x300.png 337w\" sizes=\"auto, (max-width: 768px) 100vw, 768px\" \/><\/figure>\n<\/div>\n<\/div>\n\n\n\n<p><strong>Flyer unserer Kinderfeuerwehr:<\/strong><\/p>\n\n\n\n<figure class=\"wp-block-gallery has-nested-images columns-default is-cropped wp-block-gallery-1 is-layout-flex wp-block-gallery-is-layout-flex\">\n<figure class=\"wp-block-image size-large\"><img loading=\"lazy\" decoding=\"async\" width=\"820\" height=\"829\" data-id=\"6937\" src=\"http:\/\/www.ff-totzenbach.at\/_index\/wp-content\/uploads\/2022\/04\/Kinder-FF-Flyer-1.png\" alt=\"\" class=\"wp-image-6937\" srcset=\"http:\/\/www.ff-totzenbach.at\/_index\/wp-content\/uploads\/2022\/04\/Kinder-FF-Flyer-1.png 820w, http:\/\/www.ff-totzenbach.at\/_index\/wp-content\/uploads\/2022\/04\/Kinder-FF-Flyer-1-297x300.png 297w, http:\/\/www.ff-totzenbach.at\/_index\/wp-content\/uploads\/2022\/04\/Kinder-FF-Flyer-1-70x70.png 70w\" sizes=\"auto, (max-width: 820px) 100vw, 820px\" \/><\/figure>\n<\/figure>\n","protected":false},"excerpt":{"rendered":"<p>Gemeinsam mit der Feuerwehr Kirchstetten-Markt haben wir eine Kinderfeuerwehrgruppe gegr\u00fcndet. Mit viel Spiel und Spa\u00df wollen wir interessierten Kindern von 8 -10 Jahren unsere Feuerwehr n\u00e4her bringen. Neben der Wissensvermittlung, stehen vor allem das Gemeinschaftsgef\u00fchl, soziales Lernen und die Freude am Tun im Vordergrund. Ein wichtiger Aspekt bei der Kinderfeuerwehr ist die Vermittlung, wie wichtig [&hellip;]<\/p>\n","protected":false},"author":3,"featured_media":6594,"parent":0,"menu_order":0,"comment_status":"closed","ping_status":"closed","template":"","meta":{"ngg_post_thumbnail":0,"footnotes":""},"class_list":["post-6700","page","type-page","status-publish","has-post-thumbnail","hentry"],"_links":{"self":[{"href":"http:\/\/www.ff-totzenbach.at\/_index\/wp-json\/wp\/v2\/pages\/6700","targetHints":{"allow":["GET"]}}],"collection":[{"href":"http:\/\/www.ff-totzenbach.at\/_index\/wp-json\/wp\/v2\/pages"}],"about":[{"href":"http:\/\/www.ff-totzenbach.at\/_index\/wp-json\/wp\/v2\/types\/page"}],"author":[{"embeddable":true,"href":"http:\/\/www.ff-totzenbach.at\/_index\/wp-json\/wp\/v2\/users\/3"}],"replies":[{"embeddable":true,"href":"http:\/\/www.ff-totzenbach.at\/_index\/wp-json\/wp\/v2\/comments?post=6700"}],"version-history":[{"count":8,"href":"http:\/\/www.ff-totzenbach.at\/_index\/wp-json\/wp\/v2\/pages\/6700\/revisions"}],"predecessor-version":[{"id":6939,"href":"http:\/\/www.ff-totzenbach.at\/_index\/wp-json\/wp\/v2\/pages\/6700\/revisions\/6939"}],"wp:featuredmedia":[{"embeddable":true,"href":"http:\/\/www.ff-totzenbach.at\/_index\/wp-json\/wp\/v2\/media\/6594"}],"wp:attachment":[{"href":"http:\/\/www.ff-totzenbach.at\/_index\/wp-json\/wp\/v2\/media?parent=6700"}],"curies":[{"name":"wp","href":"https:\/\/api.w.org\/{rel}","templated":true}]}}