{"id":6793,"date":"2022-03-29T20:44:40","date_gmt":"2022-03-29T18:44:40","guid":{"rendered":"http:\/\/www.ff-totzenbach.at\/_index\/?page_id=6793"},"modified":"2022-03-29T20:44:40","modified_gmt":"2022-03-29T18:44:40","slug":"jugend-kinder-ff","status":"publish","type":"page","link":"http:\/\/www.ff-totzenbach.at\/_index\/jugend-kinder-ff\/","title":{"rendered":"Jugend &#038; Kinder-FF"},"content":{"rendered":"\n<p>F\u00fcr aktuelle Berichte unserer Feuerwehrjugend und Kinderfeuerwehr dr\u00fccken sie auf den Men\u00fcpunkt &#8222;Jugend &amp; Kinder-FF &#8211; Aktuelle Berichte&#8220;<\/p>\n\n\n\n<p><\/p>\n\n\n\n<p>Bei Interesse k\u00f6nnen Sie sich jeder Zeit bei unserer Kinderbetreuerin &amp; Jugendbetreuer melden:<\/p>\n\n\n\n<p><strong>Kerstin Hackl Tel. 0660\/413 38 80<\/strong><br><strong>Leonhard Furtner Tel. 0664\/973 57 02<\/strong><\/p>\n","protected":false},"excerpt":{"rendered":"<p>F\u00fcr aktuelle Berichte unserer Feuerwehrjugend und Kinderfeuerwehr dr\u00fccken sie auf den Men\u00fcpunkt &#8222;Jugend &amp; Kinder-FF &#8211; Aktuelle Berichte&#8220; Bei Interesse k\u00f6nnen Sie sich jeder Zeit bei unserer Kinderbetreuerin &amp; Jugendbetreuer melden: Kerstin Hackl Tel. 0660\/413 38 80Leonhard Furtner Tel. 0664\/973 57 02<\/p>\n","protected":false},"author":3,"featured_media":0,"parent":0,"menu_order":0,"comment_status":"closed","ping_status":"closed","template":"","meta":{"ngg_post_thumbnail":0,"footnotes":""},"class_list":["post-6793","page","type-page","status-publish","hentry"],"_links":{"self":[{"href":"http:\/\/www.ff-totzenbach.at\/_index\/wp-json\/wp\/v2\/pages\/6793","targetHints":{"allow":["GET"]}}],"collection":[{"href":"http:\/\/www.ff-totzenbach.at\/_index\/wp-json\/wp\/v2\/pages"}],"about":[{"href":"http:\/\/www.ff-totzenbach.at\/_index\/wp-json\/wp\/v2\/types\/page"}],"author":[{"embeddable":true,"href":"http:\/\/www.ff-totzenbach.at\/_index\/wp-json\/wp\/v2\/users\/3"}],"replies":[{"embeddable":true,"href":"http:\/\/www.ff-totzenbach.at\/_index\/wp-json\/wp\/v2\/comments?post=6793"}],"version-history":[{"count":1,"href":"http:\/\/www.ff-totzenbach.at\/_index\/wp-json\/wp\/v2\/pages\/6793\/revisions"}],"predecessor-version":[{"id":6794,"href":"http:\/\/www.ff-totzenbach.at\/_index\/wp-json\/wp\/v2\/pages\/6793\/revisions\/6794"}],"wp:attachment":[{"href":"http:\/\/www.ff-totzenbach.at\/_index\/wp-json\/wp\/v2\/media?parent=6793"}],"curies":[{"name":"wp","href":"https:\/\/api.w.org\/{rel}","templated":true}]}}